{"id":2,"date":"2023-10-30T08:48:40","date_gmt":"2023-10-30T07:48:40","guid":{"rendered":"https:\/\/flaschen-glaeser-und-dosen.de\/magazin\/?page_id=2"},"modified":"2024-12-04T15:23:35","modified_gmt":"2024-12-04T14:23:35","slug":"beispiel-seite","status":"publish","type":"page","link":"https:\/\/flaschen-glaeser-und-dosen.de\/magazin\/","title":{"rendered":"Home"},"content":{"rendered":"<p>[et_pb_section fb_built=&#8220;1&#8243; _builder_version=&#8220;4.16&#8243; global_colors_info=&#8220;{}&#8220;][et_pb_row _builder_version=&#8220;4.16&#8243; background_size=&#8220;initial&#8220; background_position=&#8220;top_left&#8220; background_repeat=&#8220;repeat&#8220; global_colors_info=&#8220;{}&#8220;][et_pb_column type=&#8220;4_4&#8243; _builder_version=&#8220;4.16&#8243; custom_padding=&#8220;|||&#8220; global_colors_info=&#8220;{}&#8220; custom_padding__hover=&#8220;|||&#8220;][et_pb_text _builder_version=&#8220;4.23&#8243; _module_preset=&#8220;default&#8220; header_font=&#8220;||||||||&#8220; header_font_size=&#8220;24px&#8220; header_line_height=&#8220;1.3em&#8220; custom_margin=&#8220;||0px||false|false&#8220; custom_padding=&#8220;||0px||false|false&#8220; global_colors_info=&#8220;{}&#8220;]<\/p>\n<h1>Entdecke die Welt von Flaschen, Gl\u00e4sern und Dosen:<br \/>Genussvolle Inspirationen f\u00fcr Kreative und Feinschmecker!<\/h1>\n<p>[\/et_pb_text][\/et_pb_column][\/et_pb_row][et_pb_row _builder_version=&#8220;4.16&#8243; background_size=&#8220;initial&#8220; background_position=&#8220;top_left&#8220; background_repeat=&#8220;repeat&#8220; global_colors_info=&#8220;{}&#8220;][et_pb_column type=&#8220;4_4&#8243; _builder_version=&#8220;4.16&#8243; custom_padding=&#8220;|||&#8220; global_colors_info=&#8220;{}&#8220; custom_padding__hover=&#8220;|||&#8220;][et_pb_text admin_label=&#8220;Rezepte&#8220; _builder_version=&#8220;4.23&#8243; _module_preset=&#8220;default&#8220; header_font_size=&#8220;24px&#8220; header_line_height=&#8220;1.3em&#8220; custom_margin=&#8220;||0px||false|false&#8220; custom_padding=&#8220;||0px||false|false&#8220; global_colors_info=&#8220;{}&#8220;]<\/p>\n<h2>Rezepte<\/h2>\n<p>[\/et_pb_text][et_pb_blog fullwidth=&#8220;off&#8220; posts_number=&#8220;3&#8243; include_categories=&#8220;1&#8243; meta_date=&#8220;d.m.Y&#8220; excerpt_length=&#8220;130&#8243; show_more=&#8220;on&#8220; show_author=&#8220;off&#8220; show_pagination=&#8220;off&#8220; _builder_version=&#8220;4.25.1&#8243; _module_preset=&#8220;default&#8220; header_font=&#8220;||||||||&#8220; header_letter_spacing=&#8220;1px&#8220; meta_font_size=&#8220;12px&#8220; read_more_font=&#8220;Open Sans 800|||on|||||&#8220; read_more_text_color=&#8220;#393e46&#8243; read_more_letter_spacing=&#8220;1px&#8220; read_more_line_height=&#8220;1.3em&#8220; border_width_all=&#8220;0px&#8220; box_shadow_style_image=&#8220;preset3&#8243; saved_tabs=&#8220;all&#8220; global_colors_info=&#8220;{}&#8220; read_more_text_color__hover_enabled=&#8220;on|desktop&#8220; read_more_text_color__hover=&#8220;#7fb6d6&#8243; box_shadow_color_image__hover_enabled=&#8220;off|desktop&#8220; box_shadow_vertical_image__hover_enabled=&#8220;off|desktop&#8220; box_shadow_vertical_image__hover=&#8220;1px&#8220;][\/et_pb_blog][et_pb_button button_url=&#8220;https:\/\/flaschen-glaeser-und-dosen.de\/magazin\/rezepte-fuer-einkochen-einmachen-fermentieren\/&#8220; button_text=&#8220;Alle Beitr\u00e4ge ansehen&#8220; button_alignment=&#8220;right&#8220; _builder_version=&#8220;4.25.1&#8243; _module_preset=&#8220;default&#8220; global_colors_info=&#8220;{}&#8220;][\/et_pb_button][\/et_pb_column][\/et_pb_row][\/et_pb_section][et_pb_section fb_built=&#8220;1&#8243; _builder_version=&#8220;4.27.3&#8243; _module_preset=&#8220;default&#8220; background_color=&#8220;rgba(57,62,70,0.1)&#8220; custom_padding=&#8220;0px||0px||true|false&#8220; hover_enabled=&#8220;0&#8243; global_colors_info=&#8220;{}&#8220; sticky_enabled=&#8220;0&#8243;][et_pb_row _builder_version=&#8220;4.24.3&#8243; _module_preset=&#8220;default&#8220; custom_margin=&#8220;||0px||false|false&#8220; custom_padding=&#8220;||0px||false|false&#8220; global_colors_info=&#8220;{}&#8220;][et_pb_column type=&#8220;4_4&#8243; _builder_version=&#8220;4.24.3&#8243; _module_preset=&#8220;default&#8220; global_colors_info=&#8220;{}&#8220;][et_pb_text admin_label=&#8220;Themen in unserem Magazin&#8220; _builder_version=&#8220;4.24.3&#8243; _module_preset=&#8220;default&#8220; header_font_size=&#8220;24px&#8220; header_line_height=&#8220;1.3em&#8220; custom_margin=&#8220;||0px||false|false&#8220; custom_padding=&#8220;||0px||false|false&#8220; global_colors_info=&#8220;{}&#8220;]<\/p>\n<h2>Themen in unserem Magazin<\/h2>\n<p>[\/et_pb_text][\/et_pb_column][\/et_pb_row][et_pb_row module_class=&#8220;tag-cloud&#8220; _builder_version=&#8220;4.24.3&#8243; _module_preset=&#8220;default&#8220; global_colors_info=&#8220;{}&#8220;][et_pb_column type=&#8220;4_4&#8243; _builder_version=&#8220;4.24.3&#8243; _module_preset=&#8220;default&#8220; global_colors_info=&#8220;{}&#8220;][et_pb_blurb title=&#8220;Fermentieren&#8220; icon_placement=&#8220;left&#8220; image_icon_width=&#8220;24px&#8220; content_max_width=&#8220;100%&#8220; admin_label=&#8220;Fermentieren&#8220; _builder_version=&#8220;4.25.1&#8243; _module_preset=&#8220;default&#8220; header_level=&#8220;h3&#8243; header_text_align=&#8220;left&#8220; header_font_size=&#8220;20px&#8220; link_option_url=&#8220;https:\/\/flaschen-glaeser-und-dosen.de\/magazin\/tag\/fermentieren\/&#8220; global_colors_info=&#8220;{}&#8220;][\/et_pb_blurb][et_pb_blurb title=&#8220;Flaschen&#8220; icon_placement=&#8220;left&#8220; image_icon_width=&#8220;24px&#8220; content_max_width=&#8220;100%&#8220; admin_label=&#8220;Flaschen&#8220; _builder_version=&#8220;4.25.1&#8243; _module_preset=&#8220;default&#8220; header_level=&#8220;h3&#8243; header_text_align=&#8220;left&#8220; header_font_size=&#8220;20px&#8220; link_option_url=&#8220;https:\/\/flaschen-glaeser-und-dosen.de\/magazin\/tag\/flaschen\/&#8220; global_colors_info=&#8220;{}&#8220;][\/et_pb_blurb][\/et_pb_column][\/et_pb_row][et_pb_row _builder_version=&#8220;4.24.3&#8243; _module_preset=&#8220;default&#8220; global_colors_info=&#8220;{}&#8220;][et_pb_column type=&#8220;4_4&#8243; _builder_version=&#8220;4.24.3&#8243; _module_preset=&#8220;default&#8220; global_colors_info=&#8220;{}&#8220;][et_pb_search placeholder=&#8220;Jetzt suchen&#8220; button_color=&#8220;#000000&#8243; placeholder_color=&#8220;#000000&#8243; _builder_version=&#8220;4.25.1&#8243; _module_preset=&#8220;default&#8220; form_field_background_color=&#8220;#FFFFFF&#8220; form_field_text_color=&#8220;#000000&#8243; form_field_focus_background_color=&#8220;#FFFFFF&#8220; form_field_focus_text_color=&#8220;#000000&#8243; button_text_color=&#8220;#FFFFFF&#8220; border_color_all=&#8220;#000000&#8243; global_colors_info=&#8220;{}&#8220;][\/et_pb_search][\/et_pb_column][\/et_pb_row][\/et_pb_section][et_pb_section fb_built=&#8220;1&#8243; _builder_version=&#8220;4.16&#8243; global_colors_info=&#8220;{}&#8220;][et_pb_row _builder_version=&#8220;4.16&#8243; background_size=&#8220;initial&#8220; background_position=&#8220;top_left&#8220; background_repeat=&#8220;repeat&#8220; global_colors_info=&#8220;{}&#8220;][et_pb_column type=&#8220;4_4&#8243; _builder_version=&#8220;4.16&#8243; custom_padding=&#8220;|||&#8220; global_colors_info=&#8220;{}&#8220; custom_padding__hover=&#8220;|||&#8220;][et_pb_text admin_label=&#8220;Wissenswertes&#8220; _builder_version=&#8220;4.23&#8243; _module_preset=&#8220;default&#8220; header_font_size=&#8220;24px&#8220; header_line_height=&#8220;1.3em&#8220; custom_margin=&#8220;||0px||false|false&#8220; custom_padding=&#8220;||0px||false|false&#8220; global_colors_info=&#8220;{}&#8220;]<\/p>\n<h2>Wissenswertes<\/h2>\n<p>[\/et_pb_text][et_pb_blog fullwidth=&#8220;off&#8220; posts_number=&#8220;3&#8243; include_categories=&#8220;5&#8243; meta_date=&#8220;d.m.Y&#8220; excerpt_length=&#8220;130&#8243; show_more=&#8220;on&#8220; show_author=&#8220;off&#8220; show_pagination=&#8220;off&#8220; _builder_version=&#8220;4.25.1&#8243; _module_preset=&#8220;default&#8220; header_font=&#8220;||||||||&#8220; header_letter_spacing=&#8220;1px&#8220; meta_font_size=&#8220;12px&#8220; read_more_font=&#8220;Open Sans 800|||on|||||&#8220; read_more_text_color=&#8220;#393e46&#8243; read_more_letter_spacing=&#8220;1px&#8220; read_more_line_height=&#8220;1.3em&#8220; border_width_all=&#8220;0px&#8220; box_shadow_style_image=&#8220;preset3&#8243; saved_tabs=&#8220;all&#8220; global_colors_info=&#8220;{}&#8220; read_more_text_color__hover_enabled=&#8220;on|hover&#8220; read_more_text_color__hover=&#8220;#7fb6d6&#8243; box_shadow_color_image__hover_enabled=&#8220;off|desktop&#8220; box_shadow_vertical_image__hover_enabled=&#8220;off|desktop&#8220; box_shadow_vertical_image__hover=&#8220;1px&#8220;][\/et_pb_blog][et_pb_button button_url=&#8220;https:\/\/flaschen-glaeser-und-dosen.de\/magazin\/einkochen-fermentieren-tipps-fuer-flaschen-glaeser-dosen\/&#8220; button_text=&#8220;Alle Beitr\u00e4ge ansehen&#8220; button_alignment=&#8220;right&#8220; _builder_version=&#8220;4.25.1&#8243; _module_preset=&#8220;default&#8220; global_colors_info=&#8220;{}&#8220;][\/et_pb_button][\/et_pb_column][\/et_pb_row][\/et_pb_section][et_pb_section fb_built=&#8220;1&#8243; _builder_version=&#8220;4.16&#8243; global_colors_info=&#8220;{}&#8220;][et_pb_row _builder_version=&#8220;4.16&#8243; background_size=&#8220;initial&#8220; background_position=&#8220;top_left&#8220; background_repeat=&#8220;repeat&#8220; global_colors_info=&#8220;{}&#8220;][et_pb_column type=&#8220;4_4&#8243; _builder_version=&#8220;4.16&#8243; custom_padding=&#8220;|||&#8220; global_colors_info=&#8220;{}&#8220; custom_padding__hover=&#8220;|||&#8220;][et_pb_text admin_label=&#8220;DIY&#8220; _builder_version=&#8220;4.23&#8243; _module_preset=&#8220;default&#8220; header_font_size=&#8220;24px&#8220; header_line_height=&#8220;1.3em&#8220; custom_margin=&#8220;||0px||false|false&#8220; custom_padding=&#8220;||0px||false|false&#8220; global_colors_info=&#8220;{}&#8220;]<\/p>\n<h2>DIY<\/h2>\n<p>[\/et_pb_text][et_pb_blog fullwidth=&#8220;off&#8220; posts_number=&#8220;3&#8243; meta_date=&#8220;d.m.Y&#8220; excerpt_length=&#8220;130&#8243; show_more=&#8220;on&#8220; show_author=&#8220;off&#8220; show_pagination=&#8220;off&#8220; _builder_version=&#8220;4.25.1&#8243; _module_preset=&#8220;default&#8220; header_font=&#8220;||||||||&#8220; header_letter_spacing=&#8220;1px&#8220; meta_font_size=&#8220;12px&#8220; read_more_font=&#8220;Open Sans 800|||on|||||&#8220; read_more_text_color=&#8220;#393e46&#8243; read_more_letter_spacing=&#8220;1px&#8220; read_more_line_height=&#8220;1.3em&#8220; header_text_color_last_edited=&#8220;off|desktop&#8220; border_width_all=&#8220;0px&#8220; box_shadow_style_image=&#8220;preset3&#8243; saved_tabs=&#8220;all&#8220; global_colors_info=&#8220;{}&#8220; read_more_text_color__hover_enabled=&#8220;on|hover&#8220; read_more_text_color__hover=&#8220;#7fb6d6&#8243; box_shadow_color_image__hover_enabled=&#8220;off|desktop&#8220; box_shadow_vertical_image__hover_enabled=&#8220;off|desktop&#8220; box_shadow_vertical_image__hover=&#8220;1px&#8220;][\/et_pb_blog][et_pb_button button_url=&#8220;https:\/\/flaschen-glaeser-und-dosen.de\/magazin\/diy-deko-mit-flaschen-und-glaesern-kreative-projekte-und-deko-ideen\/&#8220; button_text=&#8220;Alle Beitr\u00e4ge ansehen&#8220; button_alignment=&#8220;right&#8220; _builder_version=&#8220;4.25.1&#8243; _module_preset=&#8220;default&#8220; global_colors_info=&#8220;{}&#8220;][\/et_pb_button][\/et_pb_column][\/et_pb_row][\/et_pb_section][et_pb_section fb_built=&#8220;1&#8243; _builder_version=&#8220;4.24.3&#8243; _module_preset=&#8220;default&#8220; background_color=&#8220;rgba(57,62,70,0.1)&#8220; global_colors_info=&#8220;{}&#8220;][et_pb_row _builder_version=&#8220;4.23&#8243; _module_preset=&#8220;default&#8220; global_colors_info=&#8220;{}&#8220;][et_pb_column type=&#8220;4_4&#8243; _builder_version=&#8220;4.23&#8243; _module_preset=&#8220;default&#8220; global_colors_info=&#8220;{}&#8220;][et_pb_text _builder_version=&#8220;4.23&#8243; _module_preset=&#8220;default&#8220; global_colors_info=&#8220;{}&#8220;]<\/p>\n<p>Tauche ein in die faszinierende Welt von Flaschen, Gl\u00e4sern und Dosen \u2013 ein Universum voller kreativer M\u00f6glichkeiten und kulinarischer Entdeckungen! In unserem Blog erwarten dich inspirierende Beitr\u00e4ge, die nicht nur deine Sinne ansprechen, sondern auch deine Leidenschaft f\u00fcr Genuss und \u00c4sthetik entfachen werden.<\/p>\n<p>Erfahre, wie du mit originellen Glasflaschen eine einzigartige Atmosph\u00e4re f\u00fcr deine selbstgemachten Getr\u00e4nke schaffst oder wie du mit stilvollen Gl\u00e4sern deine Tischdekoration auf ein neues Level hebst. Entdecke clevere Aufbewahrungsl\u00f6sungen mit Dosen und lass dich von kreativen DIY-Ideen f\u00fcr Flaschenverschl\u00fcsse inspirieren.<\/p>\n<p>Unsere Experten teilen ihr Know-how zu verschiedenen Themen wie der Wahl des richtigen Verschlusses, dem Einsatz von Flaschen in der K\u00fcche und vielem mehr. Von Mini-Flaschen bis zu beeindruckenden Glasballons \u2013 wir zeigen dir, wie du die perfekte Verpackung f\u00fcr deine Ideen findest.<\/p>\n<p>Mit Leidenschaft und Fachkenntnissen entfalten unsere Beitr\u00e4ge die Vielfalt und Sch\u00f6nheit von Flaschen, Gl\u00e4sern und Dosen. Lass dich von unseren Geschichten und Tipps inspirieren, um deinen Alltag mit Genuss und Stil zu bereichern.<\/p>\n<p>Begib dich auf eine Reise voller Geschmack und \u00c4sthetik \u2013 hier im Blog rund um Flaschen, Gl\u00e4ser und Dosen erwarten dich spannende Einblicke und genussvolle Inspirationen. Mach dich bereit f\u00fcr aufregende Entdeckungen und erlebe die Welt der Verpackung mit neuen Augen!<\/p>\n<h3>Alles rund um Flaschen, Gl\u00e4ser und Dosen in unserem Themen-Blog!<\/h3>\n<p>In unserem breiten Sortiment finden Sie die perfekte Glasflasche f\u00fcr jede Gelegenheit zu unschlagbar g\u00fcnstigen Preisen. Egal, ob Sie frischen Saft abf\u00fcllen, Milch oder Spirituosen in Ihrem Hofladen pr\u00e4sentieren oder selbstgemachtes Kr\u00e4uter-\u00d6l verschenken m\u00f6chten \u2013 wir haben die ideale Flasche f\u00fcr Sie.<\/p>\n<p>Unser Flaschen-Shop f\u00fcr Gro\u00dfhandel und Privatkunden bietet Ihnen eine vielf\u00e4ltige Auswahl an Glasflaschen in unterschiedlichen Gr\u00f6\u00dfen. Von Mini-Flaschen mit 20 ml f\u00fcr Lik\u00f6re bis zu beeindruckenden 5-Liter-Glasballons \u2013 wir haben alles im Angebot.<\/p>\n<p>Entdecken Sie die Freiheit der Flaschenverschl\u00fcsse! W\u00e4hlen Sie aus verschiedenen Optionen, darunter B\u00fcgelflaschen, Glasflaschen mit Korken, Schraubverschl\u00fcsse, TO-Verschl\u00fcsse, Flaschen mit Kronkorken, WECK\u00ae-Saftflaschen mit Rundrand 60 mm und Spezialm\u00fcndungen.<\/p>\n<p>In unseren Kategorien, wie Milchflaschen, Saftflaschen, \u00d6lflaschen, Spirituosenflaschen, Lik\u00f6rflaschen, Weinflaschen, Sektflaschen, Bierflaschen und Glasballons, finden Sie die gew\u00fcnschte Glasflasche schnell und komfortabel.<\/p>\n<p>Unser Shop bietet nicht nur eine breite Auswahl an Flaschen, sondern auch das passende Zubeh\u00f6r. Bei den meisten Artikeln finden Sie direkt das ben\u00f6tigte Zubeh\u00f6r, von Flaschenverschl\u00fcssen \u00fcber Schraubdeckel bis zu einer Vielzahl von Korken.<\/p>\n<p>Kaufen Sie Ihre Flaschen besonders g\u00fcnstig bei Flaschen, Gl\u00e4ser &amp; Dosen. Unser Onlineshop f\u00fcr leere Glasflaschen richtet sich an gewerbliche Kunden, den Gro\u00dfhandel und Privatverbraucher. Vertrauen Sie auf Qualit\u00e4t und erschwingliche Preise \u2013 erleben Sie die Welt der Flaschen mit uns!<\/p>\n<p>[\/et_pb_text][\/et_pb_column][\/et_pb_row][\/et_pb_section]<\/p>\n","protected":false},"excerpt":{"rendered":"<p>Entdecke die Welt von Flaschen, Gl\u00e4sern und Dosen:Genussvolle Inspirationen f\u00fcr Kreative und Feinschmecker!RezepteThemen in unserem MagazinWissenswertesDIYTauche ein in die faszinierende Welt von Flaschen, Gl\u00e4sern und Dosen \u2013 ein Universum voller kreativer M\u00f6glichkeiten und kulinarischer Entdeckungen! In unserem Blog erwarten dich inspirierende Beitr\u00e4ge, die nicht nur deine Sinne ansprechen, sondern auch deine Leidenschaft f\u00fcr Genuss und [&hellip;]<\/p>\n","protected":false},"author":1,"featured_media":0,"parent":0,"menu_order":0,"comment_status":"closed","ping_status":"open","template":"","meta":{"_acf_changed":false,"_et_pb_use_builder":"on","_et_pb_old_content":"<!-- wp:paragraph -->\r\n<p>Dies ist eine Beispiel-Seite. Sie unterscheidet sich von Beitr\u00e4gen, da sie stets an derselben Stelle bleibt und (bei den meisten Themes) in der Website-Navigation angezeigt wird. Die meisten starten mit einem Impressum, der Datenschutzerkl\u00e4rung oder einer \u201e\u00dcber\u00a0uns\u201c-Seite, um sich potenziellen Besuchern der Website vorzustellen. Dort k\u00f6nnte zum Beispiel stehen:<\/p>\r\n<!-- \/wp:paragraph --><!-- wp:quote -->\r\n<blockquote class=\"wp-block-quote\">\r\n<p>Hallo! Tags\u00fcber arbeite ich als Fahrradkurier, nachts bin ich ein aufstrebender Schauspieler und dies hier ist meine Website. Ich lebe in Berlin, habe einen gro\u00dfen Hund namens Jack, mag Pi\u00f1a Coladas, jedoch weniger (ohne Schirm) im Regen stehen gelassen zu werden.<\/p>\r\n<\/blockquote>\r\n<!-- \/wp:quote --><!-- wp:paragraph -->\r\n<p>...\u00a0oder so etwas wie:<\/p>\r\n<!-- \/wp:paragraph --><!-- wp:quote -->\r\n<blockquote class=\"wp-block-quote\">\r\n<p>Das Unternehmen XYZ wurde 1971 gegr\u00fcndet und versorgt die \u00d6ffentlichkeit seither mit qualitativ hochwertigen Produkten. An seinem Standort in einer kleinen Gro\u00dfstadt besch\u00e4ftigt der Betrieb \u00fcber 2.000 Menschen und unterst\u00fctzt die Stadtbewohner in vielfacher Hinsicht.<\/p>\r\n<\/blockquote>\r\n<!-- \/wp:quote --><!-- wp:paragraph -->\r\n<p>Als neuer WordPress-Benutzer solltest du <a href=\"https:\/\/flaschen-glaeser-und-dosen.de\/magazin\/wp-admin\/\">dein Dashboard<\/a> aufrufen, um diese Seite zu l\u00f6schen und neue Seiten und Beitr\u00e4ge f\u00fcr deine Website erstellen. Viel Spa\u00df!<\/p>\r\n<!-- \/wp:paragraph -->","_et_gb_content_width":"","footnotes":""},"class_list":["post-2","page","type-page","status-publish","hentry"],"acf":[],"yoast_head":"<!-- This site is optimized with the Yoast SEO plugin v26.6 - https:\/\/yoast.com\/wordpress\/plugins\/seo\/ -->\n<title>Magazin \u2013\u00a0Flaschen, Gl\u00e4ser &amp; Dosen<\/title>\n<meta name=\"robots\" content=\"index, follow, max-snippet:-1, max-image-preview:large, max-video-preview:-1\" \/>\n<link rel=\"canonical\" href=\"https:\/\/flaschen-glaeser-und-dosen.de\/magazin\/\" \/>\n<meta property=\"og:locale\" content=\"de_DE\" \/>\n<meta property=\"og:type\" content=\"article\" \/>\n<meta property=\"og:title\" content=\"Magazin \u2013\u00a0Flaschen, Gl\u00e4ser &amp; Dosen\" \/>\n<meta property=\"og:description\" content=\"Entdecke die Welt von Flaschen, Gl\u00e4sern und Dosen:Genussvolle Inspirationen f\u00fcr Kreative und Feinschmecker!RezepteThemen in unserem MagazinWissenswertesDIYTauche ein in die faszinierende Welt von Flaschen, Gl\u00e4sern und Dosen \u2013 ein Universum voller kreativer M\u00f6glichkeiten und kulinarischer Entdeckungen! In unserem Blog erwarten dich inspirierende Beitr\u00e4ge, die nicht nur deine Sinne ansprechen, sondern auch deine Leidenschaft f\u00fcr Genuss und [&hellip;]\" \/>\n<meta property=\"og:url\" content=\"https:\/\/flaschen-glaeser-und-dosen.de\/magazin\/\" \/>\n<meta property=\"og:site_name\" content=\"Magazin \u2013\u00a0Flaschen, Gl\u00e4ser &amp; Dosen\" \/>\n<meta property=\"article:modified_time\" content=\"2024-12-04T14:23:35+00:00\" \/>\n<meta name=\"twitter:card\" content=\"summary_large_image\" \/>\n<meta name=\"twitter:label1\" content=\"Gesch\u00e4tzte Lesezeit\" \/>\n\t<meta name=\"twitter:data1\" content=\"6\u00a0Minuten\" \/>\n<script type=\"application\/ld+json\" class=\"yoast-schema-graph\">{\"@context\":\"https:\/\/schema.org\",\"@graph\":[{\"@type\":\"WebPage\",\"@id\":\"https:\/\/flaschen-glaeser-und-dosen.de\/magazin\/\",\"url\":\"https:\/\/flaschen-glaeser-und-dosen.de\/magazin\/\",\"name\":\"Magazin \u2013\u00a0Flaschen, Gl\u00e4ser &amp; Dosen\",\"isPartOf\":{\"@id\":\"https:\/\/flaschen-glaeser-und-dosen.de\/magazin\/#website\"},\"datePublished\":\"2023-10-30T07:48:40+00:00\",\"dateModified\":\"2024-12-04T14:23:35+00:00\",\"breadcrumb\":{\"@id\":\"https:\/\/flaschen-glaeser-und-dosen.de\/magazin\/#breadcrumb\"},\"inLanguage\":\"de\",\"potentialAction\":[{\"@type\":\"ReadAction\",\"target\":[\"https:\/\/flaschen-glaeser-und-dosen.de\/magazin\/\"]}]},{\"@type\":\"BreadcrumbList\",\"@id\":\"https:\/\/flaschen-glaeser-und-dosen.de\/magazin\/#breadcrumb\",\"itemListElement\":[{\"@type\":\"ListItem\",\"position\":1,\"name\":\"Startseite\",\"item\":\"https:\/\/flaschen-glaeser-und-dosen.de\/magazin\/\"},{\"@type\":\"ListItem\",\"position\":2,\"name\":\"Home\"}]},{\"@type\":\"WebSite\",\"@id\":\"https:\/\/flaschen-glaeser-und-dosen.de\/magazin\/#website\",\"url\":\"https:\/\/flaschen-glaeser-und-dosen.de\/magazin\/\",\"name\":\"Magazin \u2013\u00a0Flaschen, Gl\u00e4ser &amp; Dosen\",\"description\":\"\",\"potentialAction\":[{\"@type\":\"SearchAction\",\"target\":{\"@type\":\"EntryPoint\",\"urlTemplate\":\"https:\/\/flaschen-glaeser-und-dosen.de\/magazin\/?s={search_term_string}\"},\"query-input\":{\"@type\":\"PropertyValueSpecification\",\"valueRequired\":true,\"valueName\":\"search_term_string\"}}],\"inLanguage\":\"de\"}]}<\/script>\n<!-- \/ Yoast SEO plugin. -->","yoast_head_json":{"title":"Magazin \u2013\u00a0Flaschen, Gl\u00e4ser &amp; Dosen","robots":{"index":"index","follow":"follow","max-snippet":"max-snippet:-1","max-image-preview":"max-image-preview:large","max-video-preview":"max-video-preview:-1"},"canonical":"https:\/\/flaschen-glaeser-und-dosen.de\/magazin\/","og_locale":"de_DE","og_type":"article","og_title":"Magazin \u2013\u00a0Flaschen, Gl\u00e4ser &amp; Dosen","og_description":"Entdecke die Welt von Flaschen, Gl\u00e4sern und Dosen:Genussvolle Inspirationen f\u00fcr Kreative und Feinschmecker!RezepteThemen in unserem MagazinWissenswertesDIYTauche ein in die faszinierende Welt von Flaschen, Gl\u00e4sern und Dosen \u2013 ein Universum voller kreativer M\u00f6glichkeiten und kulinarischer Entdeckungen! In unserem Blog erwarten dich inspirierende Beitr\u00e4ge, die nicht nur deine Sinne ansprechen, sondern auch deine Leidenschaft f\u00fcr Genuss und [&hellip;]","og_url":"https:\/\/flaschen-glaeser-und-dosen.de\/magazin\/","og_site_name":"Magazin \u2013\u00a0Flaschen, Gl\u00e4ser &amp; Dosen","article_modified_time":"2024-12-04T14:23:35+00:00","twitter_card":"summary_large_image","twitter_misc":{"Gesch\u00e4tzte Lesezeit":"6\u00a0Minuten"},"schema":{"@context":"https:\/\/schema.org","@graph":[{"@type":"WebPage","@id":"https:\/\/flaschen-glaeser-und-dosen.de\/magazin\/","url":"https:\/\/flaschen-glaeser-und-dosen.de\/magazin\/","name":"Magazin \u2013\u00a0Flaschen, Gl\u00e4ser &amp; Dosen","isPartOf":{"@id":"https:\/\/flaschen-glaeser-und-dosen.de\/magazin\/#website"},"datePublished":"2023-10-30T07:48:40+00:00","dateModified":"2024-12-04T14:23:35+00:00","breadcrumb":{"@id":"https:\/\/flaschen-glaeser-und-dosen.de\/magazin\/#breadcrumb"},"inLanguage":"de","potentialAction":[{"@type":"ReadAction","target":["https:\/\/flaschen-glaeser-und-dosen.de\/magazin\/"]}]},{"@type":"BreadcrumbList","@id":"https:\/\/flaschen-glaeser-und-dosen.de\/magazin\/#breadcrumb","itemListElement":[{"@type":"ListItem","position":1,"name":"Startseite","item":"https:\/\/flaschen-glaeser-und-dosen.de\/magazin\/"},{"@type":"ListItem","position":2,"name":"Home"}]},{"@type":"WebSite","@id":"https:\/\/flaschen-glaeser-und-dosen.de\/magazin\/#website","url":"https:\/\/flaschen-glaeser-und-dosen.de\/magazin\/","name":"Magazin \u2013\u00a0Flaschen, Gl\u00e4ser &amp; Dosen","description":"","potentialAction":[{"@type":"SearchAction","target":{"@type":"EntryPoint","urlTemplate":"https:\/\/flaschen-glaeser-und-dosen.de\/magazin\/?s={search_term_string}"},"query-input":{"@type":"PropertyValueSpecification","valueRequired":true,"valueName":"search_term_string"}}],"inLanguage":"de"}]}},"_links":{"self":[{"href":"https:\/\/flaschen-glaeser-und-dosen.de\/magazin\/wp-json\/wp\/v2\/pages\/2","targetHints":{"allow":["GET"]}}],"collection":[{"href":"https:\/\/flaschen-glaeser-und-dosen.de\/magazin\/wp-json\/wp\/v2\/pages"}],"about":[{"href":"https:\/\/flaschen-glaeser-und-dosen.de\/magazin\/wp-json\/wp\/v2\/types\/page"}],"author":[{"embeddable":true,"href":"https:\/\/flaschen-glaeser-und-dosen.de\/magazin\/wp-json\/wp\/v2\/users\/1"}],"replies":[{"embeddable":true,"href":"https:\/\/flaschen-glaeser-und-dosen.de\/magazin\/wp-json\/wp\/v2\/comments?post=2"}],"version-history":[{"count":57,"href":"https:\/\/flaschen-glaeser-und-dosen.de\/magazin\/wp-json\/wp\/v2\/pages\/2\/revisions"}],"predecessor-version":[{"id":1377,"href":"https:\/\/flaschen-glaeser-und-dosen.de\/magazin\/wp-json\/wp\/v2\/pages\/2\/revisions\/1377"}],"wp:attachment":[{"href":"https:\/\/flaschen-glaeser-und-dosen.de\/magazin\/wp-json\/wp\/v2\/media?parent=2"}],"curies":[{"name":"wp","href":"https:\/\/api.w.org\/{rel}","templated":true}]}}